{"id":3,"date":"2026-04-02T09:24:59","date_gmt":"2026-04-02T07:24:59","guid":{"rendered":"https:\/\/example.com\/?page_id=3"},"modified":"2026-04-23T09:04:11","modified_gmt":"2026-04-23T07:04:11","slug":"polityka-prywatnosci","status":"publish","type":"page","link":"https:\/\/zwierciadlo-przeznaczenia.pl\/?page_id=3","title":{"rendered":"Regulamin sklepu"},"content":{"rendered":"\n<h1 class=\"wp-block-heading\"><strong>REGULAMIN SKLEPU INTERNETOWEGO (PRODUKTY CYFROWE)<\/strong><\/h1>\n\n\n\n<hr class=\"wp-block-separator has-alpha-channel-opacity\"\/>\n\n\n\n<h2 class=\"wp-block-heading\">\u00a7 1. DEFINICJE<\/h2>\n\n\n\n<ol class=\"wp-block-list\">\n<li><strong>Sklep internetowy<\/strong> \u2013 sklep dost\u0119pny pod adresem: https:\/\/zwierciadlo-przeznaczenia.pl, prowadzony przez Sprzedawc\u0119.<\/li>\n\n\n\n<li><strong>Regulamin<\/strong> \u2013 niniejszy regulamin.<\/li>\n\n\n\n<li><strong>Sprzedawca<\/strong> \u2013 Sylwia Bobi\u0144ska prowadz\u0105ca dzia\u0142alno\u015b\u0107 gospodarcz\u0105 pod firm\u0105 Sylwia Bobi\u0144ska, ul. Pu\u0142tuska 66a, 06-400 Ciechan\u00f3w, NIP: 5661939113, REGON:147146221 , adres<\/li>\n\n\n\n<li>korespondencyjny: ul.Pu\u0142tuska 66a, 06-400 Ciechan\u00f3w, e-mail: info@zwierciadlo-przeznaczenia.pl, tel. 534-513-623,\u00a0<\/li>\n\n\n\n<li><strong>Kupuj\u0105cy<\/strong> \u2013 Konsument lub Przedsi\u0119biorca.<\/li>\n\n\n\n<li><strong>Konsument<\/strong> \u2013 osoba fizyczna dokonuj\u0105ca zakupu niezwi\u0105zanego bezpo\u015brednio z dzia\u0142alno\u015bci\u0105 gospodarcz\u0105.<\/li>\n\n\n\n<li><strong>Przedsi\u0119biorca<\/strong> \u2013 podmiot prowadz\u0105cy dzia\u0142alno\u015b\u0107 gospodarcz\u0105.<\/li>\n\n\n\n<li><strong>Konto<\/strong> \u2013 konto u\u017cytkownika w Sklepie.<\/li>\n\n\n\n<li><strong>Zam\u00f3wienie<\/strong> \u2013 o\u015bwiadczenie woli Kupuj\u0105cego zmierzaj\u0105ce do zawarcia Umowy.<\/li>\n\n\n\n<li><strong>Umowa sprzeda\u017cy<\/strong> \u2013 umowa zawarta na odleg\u0142o\u015b\u0107 pomi\u0119dzy Sprzedawc\u0105 a Kupuj\u0105cym.<\/li>\n\n\n\n<li><strong>Produkt cyfrowy<\/strong> \u2013 tre\u015b\u0107 cyfrowa dostarczana w formie elektronicznej (np. pliki, materia\u0142y, dost\u0119p do tre\u015bci).<\/li>\n\n\n\n<li><strong>Dow\u00f3d zakupu<\/strong> \u2013 faktura lub paragon elektroniczny.<\/li>\n<\/ol>\n\n\n\n<hr class=\"wp-block-separator has-alpha-channel-opacity\"\/>\n\n\n\n<h2 class=\"wp-block-heading\">\u00a7 2. POSTANOWIENIA OG\u00d3LNE<\/h2>\n\n\n\n<ol class=\"wp-block-list\">\n<li>Sklep prowadzi sprzeda\u017c Produkt\u00f3w cyfrowych.<\/li>\n\n\n\n<li>Produkty dost\u0119pne w Sklepie nie maj\u0105 formy fizycznej.<\/li>\n\n\n\n<li>Us\u0142ugi \u015bwiadczone drog\u0105 elektroniczn\u0105 obejmuj\u0105:\n<ul class=\"wp-block-list\">\n<li>sk\u0142adanie Zam\u00f3wie\u0144,<\/li>\n\n\n\n<li>prowadzenie Konta,<\/li>\n\n\n\n<li>Newsletter (je\u015bli dotyczy).<\/li>\n<\/ul>\n<\/li>\n\n\n\n<li>Informacje na stronie Sklepu stanowi\u0105 zaproszenie do zawarcia umowy.<\/li>\n\n\n\n<li>Do korzystania ze Sklepu wymagane s\u0105:\n<ul class=\"wp-block-list\">\n<li>dost\u0119p do Internetu,<\/li>\n\n\n\n<li>aktywny e-mail,<\/li>\n\n\n\n<li>przegl\u0105darka internetowa.<\/li>\n<\/ul>\n<\/li>\n<\/ol>\n\n\n\n<hr class=\"wp-block-separator has-alpha-channel-opacity\"\/>\n\n\n\n<h2 class=\"wp-block-heading\">\u00a7 3. ZASADY KORZYSTANIA ZE SKLEPU<\/h2>\n\n\n\n<ol class=\"wp-block-list\">\n<li>Kupuj\u0105cy zobowi\u0105zany jest do korzystania ze Sklepu zgodnie z prawem.<\/li>\n\n\n\n<li>Zakazane jest:\n<ul class=\"wp-block-list\">\n<li>dostarczanie tre\u015bci bezprawnych,<\/li>\n\n\n\n<li>ingerowanie w dzia\u0142anie Sklepu,<\/li>\n\n\n\n<li>wykorzystywanie Sklepu do spamu.<\/li>\n<\/ul>\n<\/li>\n\n\n\n<li>Kupuj\u0105cy zobowi\u0105zany jest do podawania prawdziwych danych.<\/li>\n<\/ol>\n\n\n\n<hr class=\"wp-block-separator has-alpha-channel-opacity\"\/>\n\n\n\n<h2 class=\"wp-block-heading\">\u00a7 4. KONTO<\/h2>\n\n\n\n<ol class=\"wp-block-list\">\n<li>Za\u0142o\u017cenie Konta jest dobrowolne.<\/li>\n\n\n\n<li>Konto umo\u017cliwia dost\u0119p do zakupionych Produkt\u00f3w.<\/li>\n\n\n\n<li>Kupuj\u0105cy mo\u017ce usun\u0105\u0107 Konto w dowolnym momencie.<\/li>\n<\/ol>\n\n\n\n<hr class=\"wp-block-separator has-alpha-channel-opacity\"\/>\n\n\n\n<h2 class=\"wp-block-heading\">\u00a7 5. SK\u0141ADANIE ZAM\u00d3WIE\u0143<\/h2>\n\n\n\n<ol class=\"wp-block-list\">\n<li>Zam\u00f3wienie mo\u017cna z\u0142o\u017cy\u0107:\n<ul class=\"wp-block-list\">\n<li>przez Konto,<\/li>\n\n\n\n<li>bez rejestracji.<\/li>\n<\/ul>\n<\/li>\n\n\n\n<li>Po z\u0142o\u017ceniu Zam\u00f3wienia Kupuj\u0105cy otrzymuje e-mail potwierdzaj\u0105cy.<\/li>\n\n\n\n<li>Umowa zostaje zawarta w momencie potwierdzenia Zam\u00f3wienia.<\/li>\n\n\n\n<li>Realizacja Zam\u00f3wienia polega na dostarczeniu Produktu cyfrowego.<\/li>\n<\/ol>\n\n\n\n<hr class=\"wp-block-separator has-alpha-channel-opacity\"\/>\n\n\n\n<h2 class=\"wp-block-heading\">\u00a7 6. P\u0141ATNO\u015aCI<\/h2>\n\n\n\n<ol class=\"wp-block-list\">\n<li>Ceny s\u0105 podane w z\u0142otych i zawieraj\u0105 VAT.<\/li>\n\n\n\n<li>Dost\u0119pne formy p\u0142atno\u015bci:\n<ul class=\"wp-block-list\">\n<li>Przelewy24,<\/li>\n\n\n\n<li>PayPal.<\/li>\n<\/ul>\n<\/li>\n\n\n\n<li>Realizacja nast\u0119puje po op\u0142aceniu Zam\u00f3wienia.<\/li>\n<\/ol>\n\n\n\n<hr class=\"wp-block-separator has-alpha-channel-opacity\"\/>\n\n\n\n<h2 class=\"wp-block-heading\">\u00a7 7. DOSTAWA PRODUKT\u00d3W CYFROWYCH<\/h2>\n\n\n\n<ol class=\"wp-block-list\">\n<li>Produkty dostarczane s\u0105 wy\u0142\u0105cznie elektronicznie.<\/li>\n\n\n\n<li>Dostawa nast\u0119puje poprzez:\n<ul class=\"wp-block-list\">\n<li>e-mail z linkiem lub<\/li>\n\n\n\n<li>dost\u0119p na Koncie Kupuj\u0105cego.<\/li>\n<\/ul>\n<\/li>\n\n\n\n<li>Produkt dostarczany jest niezw\u0142ocznie po op\u0142aceniu Zam\u00f3wienia.<\/li>\n\n\n\n<li>Kupuj\u0105cy odpowiada za poprawno\u015b\u0107 adresu e-mail.<\/li>\n<\/ol>\n\n\n\n<hr class=\"wp-block-separator has-alpha-channel-opacity\"\/>\n\n\n\n<h2 class=\"wp-block-heading\">\u00a7 8. REKLAMACJE<\/h2>\n\n\n\n<ol class=\"wp-block-list\">\n<li>Sprzedawca odpowiada za zgodno\u015b\u0107 Produktu z Umow\u0105.<\/li>\n\n\n\n<li>Reklamacje mo\u017cna sk\u0142ada\u0107:\n<ul class=\"wp-block-list\">\n<li>e-mailowo: info@zwierciadlo-przeznaczenia.pl<\/li>\n<\/ul>\n<\/li>\n\n\n\n<li>Reklamacja powinna zawiera\u0107:\n<ul class=\"wp-block-list\">\n<li>dane Kupuj\u0105cego,<\/li>\n\n\n\n<li>opis problemu.<\/li>\n<\/ul>\n<\/li>\n\n\n\n<li>Reklamacje rozpatrywane s\u0105 w terminie 14 dni.<\/li>\n<\/ol>\n\n\n\n<hr class=\"wp-block-separator has-alpha-channel-opacity\"\/>\n\n\n\n<h2 class=\"wp-block-heading\">\u00a7 9. ODST\u0104PIENIE OD UMOWY<\/h2>\n\n\n\n<ol class=\"wp-block-list\">\n<li>Konsument ma prawo odst\u0105pi\u0107 od umowy w terminie 14 dni.<\/li>\n\n\n\n<li><strong>Wyj\u0105tek :<\/strong><br>Prawo odst\u0105pienia nie przys\u0142uguje, je\u017celi:\n<ul class=\"wp-block-list\">\n<li>Produkt cyfrowy zosta\u0142 dostarczony za zgod\u0105 Kupuj\u0105cego przed up\u0142ywem 14 dni<\/li>\n\n\n\n<li>Kupuj\u0105cy zosta\u0142 poinformowany o utracie prawa odst\u0105pienia<\/li>\n<\/ul>\n<\/li>\n\n\n\n<li>Kupuj\u0105cy wyra\u017ca zgod\u0119 na dostarczenie tre\u015bci cyfrowych przed up\u0142ywem terminu odst\u0105pienia i przyjmuje do wiadomo\u015bci utrat\u0119 tego prawa.<\/li>\n<\/ol>\n\n\n\n<hr class=\"wp-block-separator has-alpha-channel-opacity\"\/>\n\n\n\n<h2 class=\"wp-block-heading\">\u00a7 10. PRAWA AUTORSKIE<\/h2>\n\n\n\n<ol class=\"wp-block-list\">\n<li>Produkty stanowi\u0105 utwory chronione prawem autorskim.<\/li>\n\n\n\n<li>Kupuj\u0105cy otrzymuje licencj\u0119 do u\u017cytku w\u0142asnego.<\/li>\n\n\n\n<li>Zabronione jest:\n<ul class=\"wp-block-list\">\n<li>kopiowanie,<\/li>\n\n\n\n<li>udost\u0119pnianie,<\/li>\n\n\n\n<li>odsprzeda\u017c.<\/li>\n<\/ul>\n<\/li>\n<\/ol>\n\n\n\n<hr class=\"wp-block-separator has-alpha-channel-opacity\"\/>\n\n\n\n<h2 class=\"wp-block-heading\">\u00a7 11. DANE OSOBOWE<\/h2>\n\n\n\n<ol class=\"wp-block-list\">\n<li>Administratorem danych jest Sprzedawca.<\/li>\n\n\n\n<li>Dane przetwarzane s\u0105 zgodnie z RODO.<\/li>\n\n\n\n<li>Szczeg\u00f3\u0142y w Polityce Prywatno\u015bci.<\/li>\n<\/ol>\n\n\n\n<hr class=\"wp-block-separator has-alpha-channel-opacity\"\/>\n\n\n\n<h2 class=\"wp-block-heading\">\u00a7 12. POSTANOWIENIA KO\u0143COWE<\/h2>\n\n\n\n<ol class=\"wp-block-list\">\n<li>Sprzedawca mo\u017ce zmieni\u0107 Regulamin.<\/li>\n\n\n\n<li>Do um\u00f3w stosuje si\u0119 prawo polskie.<\/li>\n\n\n\n<li>Spory rozstrzygane s\u0105 przez w\u0142a\u015bciwy s\u0105d.<\/li>\n\n\n\n<li>Regulamin obowi\u0105zuje od 23.04.2026.<\/li>\n<\/ol>\n\n\n\n<p><\/p>\n","protected":false},"excerpt":{"rendered":"<p>REGULAMIN SKLEPU INTERNETOWEGO (PRODUKTY CYFROWE) \u00a7 1. DEFINICJE \u00a7 2. POSTANOWIENIA OG\u00d3LNE \u00a7 3. ZASADY KORZYSTANIA ZE SKLEPU \u00a7 4. KONTO \u00a7 5. SK\u0141ADANIE ZAM\u00d3WIE\u0143 \u00a7 6. P\u0141ATNO\u015aCI \u00a7 7. DOSTAWA PRODUKT\u00d3W CYFROWYCH \u00a7 8. REKLAMACJE \u00a7 9. ODST\u0104PIENIE OD UMOWY \u00a7 10. PRAWA AUTORSKIE \u00a7 11. DANE OSOBOWE \u00a7 12. POSTANOWIENIA KO\u0143COWE<\/p>\n","protected":false},"author":1,"featured_media":0,"parent":0,"menu_order":0,"comment_status":"closed","ping_status":"open","template":"","meta":{"footnotes":""},"class_list":["post-3","page","type-page","status-publish","hentry"],"_links":{"self":[{"href":"https:\/\/zwierciadlo-przeznaczenia.pl\/index.php?rest_route=\/wp\/v2\/pages\/3","targetHints":{"allow":["GET"]}}],"collection":[{"href":"https:\/\/zwierciadlo-przeznaczenia.pl\/index.php?rest_route=\/wp\/v2\/pages"}],"about":[{"href":"https:\/\/zwierciadlo-przeznaczenia.pl\/index.php?rest_route=\/wp\/v2\/types\/page"}],"author":[{"embeddable":true,"href":"https:\/\/zwierciadlo-przeznaczenia.pl\/index.php?rest_route=\/wp\/v2\/users\/1"}],"replies":[{"embeddable":true,"href":"https:\/\/zwierciadlo-przeznaczenia.pl\/index.php?rest_route=%2Fwp%2Fv2%2Fcomments&post=3"}],"version-history":[{"count":1,"href":"https:\/\/zwierciadlo-przeznaczenia.pl\/index.php?rest_route=\/wp\/v2\/pages\/3\/revisions"}],"predecessor-version":[{"id":564,"href":"https:\/\/zwierciadlo-przeznaczenia.pl\/index.php?rest_route=\/wp\/v2\/pages\/3\/revisions\/564"}],"wp:attachment":[{"href":"https:\/\/zwierciadlo-przeznaczenia.pl\/index.php?rest_route=%2Fwp%2Fv2%2Fmedia&parent=3"}],"curies":[{"name":"wp","href":"https:\/\/api.w.org\/{rel}","templated":true}]}}