{"id":566,"date":"2026-04-23T09:13:44","date_gmt":"2026-04-23T07:13:44","guid":{"rendered":"https:\/\/zwierciadlo-przeznaczenia.pl\/?page_id=566"},"modified":"2026-04-23T09:13:46","modified_gmt":"2026-04-23T07:13:46","slug":"polityka-prywatnosci-2","status":"publish","type":"page","link":"https:\/\/zwierciadlo-przeznaczenia.pl\/?page_id=566","title":{"rendered":"Polityka prywatno\u015bci"},"content":{"rendered":"\n<p>POLITYKA PRYWATNO\u015aCI SKLEPU INTERNETOWEGO ZWIERCIADLO-PRZEZNACZENIA.PL<br>Szanuj\u0105c prawa klienta oraz respektuj\u0105c ustaw\u0119 o ochronie danych osobowych,<br>zobowi\u0105zujemy si\u0119 do zachowania bezpiecze\u0144stwa i poufno\u015bci pozyskanych danych.<br>Wszyscy pracownicy sklepu zostali odpowiednio przeszkoleni w zakresie przetwarzania<br>danych osobowych.<\/p>\n\n\n\n<p>2. Administratorem Danych Osobowych jest: Sylwia Bobi\u0144ska NIP5661939113:, REGON:<br>147146221, e-mail:info@zwierciadlo-przeznaczenia.pl\u00a0 nr. tel.: 534513623.<\/p>\n\n\n\n<p>3. Kontakt w sprawie danych osobowych: Wszelkie zg\u0142oszenia czy \u017c\u0105dania dotycz\u0105ce danych<br>osobowych, mo\u017cna zg\u0142asza\u0107 do nas w wybrany przez siebie spos\u00f3b:<br>Wiadomo\u015bci e-mail na adres:\u00a0 info@zwierciadlo-przeznaczenia.pl<br>Telefonicznie: 534 513 623<br>Poprzez formularz kontaktowy dost\u0119pny w sklepie<br>Listownie na adres: Pu\u0142tuska 66a 06-400 Ciechan\u00f3w<\/p>\n\n\n\n<p>4. W naszym Sklepie zbieramy nast\u0119puj\u0105ce dane osobowe:<br>Imi\u0119 i nazwisko \u2013 przetwarzane tylko w celach wysy\u0142ki zam\u00f3wienia<br>Adres zamieszkania lub pobytu \u2013 przetwarzany tylko w celach wysy\u0142ki zam\u00f3wienia<br>Nr telefonu \u2013 przetwarzany w celach potwierdzenia, dodatkowych ustale\u0144 lub wysy\u0142ki<br>zam\u00f3wienia<br>Adres e-mail \u2013 poprzez adres e-mail wysy\u0142amy do Klienta potwierdzenie z\u0142o\u017cenia<br>zam\u00f3wienia, oraz kontaktujemy si\u0119 z nim. Je\u017celi Klient zosta\u0142 abonentem naszego<br>Newslettera, b\u0119dziemy r\u00f3wnie\u017c wys\u0142a\u0107 do Niego informacj\u0119 handlow\u0105 dwa, trzy razy w roku.<br>Numer Identyfikacji Podatkowej \u2013 przetwarzany w celu wystawienia faktury, w przypadku<br>zam\u00f3wienia sk\u0142adanego przez osob\u0119 prowadz\u0105c\u0105 dzia\u0142alno\u015b\u0107 gospodarcz\u0105.<br>Adres \u2013 informacje wynikaj\u0105ce z og\u00f3lnych zasad po\u0142\u0105cze\u0144 realizowanych w Internecie takie<br>jak adres IP (oraz inne informacje zawarte w logach systemowych) wykorzystywane s\u0105 przez<br>administratora sklepu w celach technicznych. Adresy IP mog\u0105 te\u017c by\u0107 wykorzystywane w<br>celach statystycznych \u2013 do zbierania og\u00f3lnych informacji demograficznych (np. o regionie, z<br>kt\u00f3rego nast\u0119puje po\u0142\u0105czenie).<br>Cookies \u2013 nasz sklep internetowy wykorzystuje technologi\u0119 Cookies w celu dostosowania<br>jego funkcjonowania do indywidualnych potrzeb Klienta. Klient mo\u017ce zgodzi\u0107 si\u0119 na to, aby<br>wpisane przez niego dane zosta\u0142y zapami\u0119tane, dzi\u0119ki czemu mo\u017ce bez powt\u00f3rnego<\/p>\n\n\n\n<p>wpisywania korzysta\u0107 z nich przy nast\u0119pnych odwiedzinach na stronach internetowych<br>sklepu. W\u0142a\u015bciciele innych witryn nie b\u0119d\u0105 mieli dost\u0119pu do tych danych. Je\u017celi natomiast<br>Klient nie wyrazi zgody na personalizowanie sklepu, proponujemy wy\u0142\u0105czenie obs\u0142ug\u0119<br>Cookies w opcjach przegl\u0105darki internetowej.<\/p>\n\n\n\n<p>5. Podanie powy\u017cszych danych jest konieczne w nast\u0119puj\u0105cych przypadkach:<br>Dokonuj\u0105c zakupu w naszym sklepie za pomoc\u0105 udost\u0119pnionego na stronie internetowej<br>sklepu formularza zam\u00f3wienia (zam\u00f3wienie bez logowania\/rejestracji konta)<br>Rejestracja w bazie kupuj\u0105cych \u2013 jest dobrowolna. Przechowujemy podane przez Klienta<br>dane w naszej bazie, aby u\u0142atwi\u0107 mu w przysz\u0142o\u015bci zakupy w naszym sklepie internetowym.<br>Subskrypcja Newslettera \u2013 subskrypcja jest dobrowolna i w ka\u017cdej chwili mo\u017cna z niej<br>zrezygnowa\u0107.<\/p>\n\n\n\n<p>6. Klient ma prawo do:&nbsp;<br>prawo do informacji o przetwarzaniu danych osobowych&nbsp;\u2013 na tej podstawie osobie<br>zg\u0142aszaj\u0105cej takie \u017c\u0105danie Administrator przekazuje informacj\u0119 o przetwarzaniu danych<br>osobowych, w tym przede wszystkim o celach i podstawach prawnych przetwarzania,<br>zakresie posiadanych danych, podmiotach, kt\u00f3rym dane osobowe s\u0105 ujawniane i planowanym<br>terminie ich usuni\u0119cia;<br>prawo uzyskania kopii danych&nbsp;\u2013 na tej podstawie Administrator przekazuje kopi\u0119<br>przetwarzanych danych, dotycz\u0105cych osoby zg\u0142aszaj\u0105cej \u017c\u0105danie;<br>prawo do sprostowania danych&nbsp;\u2013 na tej podstawie Administrator usuwa ewentualne<br>niezgodno\u015bci lub b\u0142\u0119dy dotycz\u0105ce przetwarzanych danych osobowych, oraz uzupe\u0142nia je lub<br>aktualizuje, je\u015bli s\u0105 niekompletne lub uleg\u0142y zmianie;<br>prawo do usuni\u0119cia danych&nbsp;\u2013 na tej podstawie mo\u017cna \u017c\u0105da\u0107 usuni\u0119cia danych, kt\u00f3rych<br>przetwarzanie nie jest ju\u017c niezb\u0119dne do realizowania \u017cadnego z cel\u00f3w, dla kt\u00f3rych zosta\u0142y<br>zebrane;<br>prawo do ograniczenia przetwarzania&nbsp;\u2013 na tej podstawie Administrator zaprzestaje<br>dokonywania operacji na danych osobowych, z wyj\u0105tkiem operacji, na kt\u00f3re wyrazi\u0142a zgod\u0119<br>osoba, kt\u00f3rej dane dotycz\u0105 oraz ich przechowywania, zgodnie z przyj\u0119tymi zasadami retencji,<br>lub dop\u00f3ki nie ustan\u0105 przyczyny ograniczenia przetwarzania danych (np. zostanie wydana<br>decyzji organu nadzorczego, zezwalaj\u0105ca na dalsze przetwarzanie danych);<br>prawo do przenoszenia danych&nbsp;\u2013 na tej podstawie, w zakresie w jakim dane s\u0105 przetwarzane<br>w zwi\u0105zku z zawart\u0105 umow\u0105 lub wyra\u017con\u0105 zgod\u0105, Administrator wydaje dane dostarczone<\/p>\n\n\n\n<p>przez osob\u0119, kt\u00f3rej one dotycz\u0105, w formacie pozwalaj\u0105cym na ich odczyt przez komputer.<br>Mo\u017cliwe jest tak\u017ce za\u017c\u0105danie przes\u0142ania tych danych innemu podmiotowi \u2013 jednak pod<br>warunkiem, \u017ce istniej\u0105 w tym zakresie techniczne mo\u017cliwo\u015bci zar\u00f3wno po stronie<br>Administratora jak i tego innego podmiotu;<br>prawo sprzeciwu wobec przetwarzania danych w celach marketingowych&nbsp;\u2013 osoba, kt\u00f3rej dane<br>dotycz\u0105, mo\u017ce w ka\u017cdym czasie sprzeciwi\u0107 si\u0119 przetwarzaniu danych osobowych w celach<br>marketingowych, bez konieczno\u015bci uzasadnienia takiego sprzeciwu;<br>prawo sprzeciwu wobec innych cel\u00f3w przetwarzania danych&nbsp;\u2013 osoba, kt\u00f3rej dane dotycz\u0105,<br>mo\u017ce w ka\u017cdym czasie sprzeciwi\u0107 si\u0119 przetwarzaniu danych osobowych na podstawie<br>uzasadnionego interesu Administratora (np. dla cel\u00f3w analitycznych lub statystycznych lub ze<br>wzgl\u0119d\u00f3w zwi\u0105zanych z ochron\u0105 mienia). Sprzeciw w tym zakresie powinien zawiera\u0107<br>uzasadnienie oraz podlega ocenie Administratora;<br>prawo do wycofania zgody&nbsp;\u2013 Je\u017celi Administrator przetwarza Twoje dane osobowe na<br>podstawie wyra\u017conej przez Ciebie zgody, w ka\u017cdej chwili mo\u017cesz wycofa\u0107 t\u0119 zgod\u0119 \u2014 wedle<br>w\u0142asnego uznania.<br>prawo do wniesienia skargi do PUODO&nbsp;(Prezes Urz\u0119du Ochrony Danych Osobowych), je\u015bli<br>uwa\u017casz i potrafisz uzasadni\u0107, \u017ce Twoje dane osobowe przetwarzamy niezgodnie z og\u00f3lnym<br>Rozporz\u0105dzeniem o Ochronie Danych Osobowych z dnia 27 kwietnia 2016 roku (RODO).<\/p>\n\n\n\n<p>7. Dane osobowe Klienta nie s\u0105 przekazywane ani do Pa\u0144stw Trzecich, tj. poza Europejski<br>Obszar Gospodarczy (EOG) ani poza organizacje mi\u0119dzynarodowe.<\/p>\n\n\n\n<p>8. \u017badnych danych nie udost\u0119pniamy osobom trzecim. Dane osobowe mog\u0105 by\u0107 r\u00f3wnie\u017c powierzane do przetwarzania podmiotom<br>\u015bwiadcz\u0105cym us\u0142ugi na rzecz Administratora Danych Osobowych, na podstawie zawartych<br>um\u00f3w powierzenia przetwarzania danych osobowych.<\/p>\n\n\n\n<p>9. Czas przechowywania danych osobowych.<br>Twoje dane osobowe przechowujemy do czasu usuni\u0119cia konta U\u017cytkownika w sklepie<br>ZWIERCIADLO-PRZEZNACZENIA.PL. Usuni\u0119cie konta mo\u017ce nast\u0105pi\u0107 na Twoje \u017c\u0105danie, ale r\u00f3wnie\u017c w<br>przypadku wycofania przez Ciebie zgody na przetwarzanie Twoich danych, zg\u0142oszenia<br>sprzeciwu co do przetwarzania Twoich danych osobowych, b\u0105d\u017a za\u017c\u0105dania przez Ciebie ich<\/p>\n\n\n\n<p>usuni\u0119cia. W naszych systemach pozostan\u0105 jedynie informacje archiwalne o zawartych przez<br>Ciebie transakcjach, kt\u00f3rych przechowywanie zwi\u0105zane jest np. z przys\u0142uguj\u0105cymi ci<br>roszczeniami np. z tytu\u0142u r\u0119kojmi a tak\u017ce w zwi\u0105zku z obowi\u0105zuj\u0105cymi nas przepisami prawa.<br>10. Nasze strony u\u017cywaj\u0105 mechanizm\u00f3w analizy us\u0142ug sieciowych Google Inc. (\u201dGoogle Inc.,<br>1600 Amphitheatre Parkway, Mountain View, CA 94043, USA \u201c): Google Analytics, Google<br>Double Click and Google Tag Manger. Google Analytics, Google Double Click and Google<br>Tag Manger u\u017cywaj\u0105 plik\u00f3w cookies, kt\u00f3re umo\u017cliwiaj\u0105 analiz\u0119 sposobu korzystania ze stron<br>internetowych. Informacje zbieranie przez pliki cookies s\u0105 przekazywane na serwery Google<br>znajduj\u0105ce si\u0119 w USA i archiwizowane.Je\u017celi funkcja anonimizacji adresu IP jest w\u0142\u0105czona<br>podczas korzystania z naszej strony internetowej, adres IP U\u017cytkownika jest skracany przez<br>Google. Dotyczy to pa\u0144stw cz\u0142onkowskich Unii Europejskiej i innych pa\u0144stw wymienionych<br>w Umowie o Europejskim Obszarze Gospodarczym. Jedynie w wyj\u0105tkowych przypadkach<br>pe\u0142en adres IP jest wysy\u0142any do serwera Google w USA i tam skracany. W ten spos\u00f3b funkcja<br>anonimizacji adresu IP b\u0119dzie aktywna na naszej stronie internetowej. Na wniosek operatora<br>strony internetowej, Google wykorzystuje gromadzone informacje do analizy korzystania<br>przez strony internetowej, przygotowania raport\u00f3w dotycz\u0105cych korzystania ze strony<br>internetowej i innych us\u0142ug zwi\u0105zanych z korzystaniem z Internetu. Adres IP przekazany<br>przez przegl\u0105dark\u0119 U\u017cytkownika w ramach programu Google Analytics nie jest<br>przechowywany wraz z innymi danymi Google. U\u017cytkownik mo\u017ce zablokowa\u0107 zapisywanie<br>plik\u00f3w cookie w przegl\u0105darce internetowej. Jednak\u017ce w takim przypadku pe\u0142ne<br>wykorzystanie wszystkich funkcji strony internetowej nie b\u0119dzie mo\u017cliwe. Opr\u00f3cz tego,<br>U\u017cytkownik mo\u017ce zablokowa\u0107 zapisywanie danych zebranych przez cookies dotycz\u0105cych<br>u\u017cywania strony internetowej (w\u0142\u0105cznie z adresem IP) i wysy\u0142anie ich do Google, jak r\u00f3wnie\u017c<br>przekazywanie tych danych przez Google, pobieraj\u0105c i instaluj\u0105c wtyczk\u0119 dost\u0119pn\u0105 pod<br>nast\u0119puj\u0105cym linkiem: https:\/\/tools.google.com\/dlpage\/gaoptout?hl=pl<\/p>\n\n\n\n<p>11. W zakresie nieuregulowanym niniejsz\u0105 Polityk\u0105 prywatno\u015bci, obowi\u0105zuj\u0105 przepisy<br>Ustawy o Ochronie Danych Osobwych z 10 maja 2018 roku oraz rozporz\u0105dzenia RODO.<\/p>\n\n\n\n<p>12. Niniejsza Polityka Prywatnosci obowi\u0105zuje od dnia 23.04.2026.\u00a0<\/p>\n","protected":false},"excerpt":{"rendered":"<p>POLITYKA PRYWATNO\u015aCI SKLEPU INTERNETOWEGO ZWIERCIADLO-PRZEZNACZENIA.PLSzanuj\u0105c prawa klienta oraz respektuj\u0105c ustaw\u0119 o ochronie danych osobowych,zobowi\u0105zujemy si\u0119 do zachowania bezpiecze\u0144stwa i poufno\u015bci pozyskanych danych.Wszyscy pracownicy sklepu zostali odpowiednio przeszkoleni w zakresie przetwarzaniadanych osobowych. 2. Administratorem Danych Osobowych jest: Sylwia Bobi\u0144ska NIP5661939113:, REGON:147146221, e-mail:info@zwierciadlo-przeznaczenia.pl\u00a0 nr. tel.: 534513623. 3. Kontakt w sprawie danych osobowych: Wszelkie zg\u0142oszenia czy \u017c\u0105dania dotycz\u0105ce [&hellip;]<\/p>\n","protected":false},"author":1,"featured_media":0,"parent":0,"menu_order":0,"comment_status":"closed","ping_status":"closed","template":"","meta":{"footnotes":""},"class_list":["post-566","page","type-page","status-publish","hentry"],"_links":{"self":[{"href":"https:\/\/zwierciadlo-przeznaczenia.pl\/index.php?rest_route=\/wp\/v2\/pages\/566","targetHints":{"allow":["GET"]}}],"collection":[{"href":"https:\/\/zwierciadlo-przeznaczenia.pl\/index.php?rest_route=\/wp\/v2\/pages"}],"about":[{"href":"https:\/\/zwierciadlo-przeznaczenia.pl\/index.php?rest_route=\/wp\/v2\/types\/page"}],"author":[{"embeddable":true,"href":"https:\/\/zwierciadlo-przeznaczenia.pl\/index.php?rest_route=\/wp\/v2\/users\/1"}],"replies":[{"embeddable":true,"href":"https:\/\/zwierciadlo-przeznaczenia.pl\/index.php?rest_route=%2Fwp%2Fv2%2Fcomments&post=566"}],"version-history":[{"count":1,"href":"https:\/\/zwierciadlo-przeznaczenia.pl\/index.php?rest_route=\/wp\/v2\/pages\/566\/revisions"}],"predecessor-version":[{"id":567,"href":"https:\/\/zwierciadlo-przeznaczenia.pl\/index.php?rest_route=\/wp\/v2\/pages\/566\/revisions\/567"}],"wp:attachment":[{"href":"https:\/\/zwierciadlo-przeznaczenia.pl\/index.php?rest_route=%2Fwp%2Fv2%2Fmedia&parent=566"}],"curies":[{"name":"wp","href":"https:\/\/api.w.org\/{rel}","templated":true}]}}