{"id":456,"date":"2026-04-14T10:51:08","date_gmt":"2026-04-14T08:51:08","guid":{"rendered":"http:\/\/serwer2345351.home.pl\/autoinstalator\/wordpresswoocommerce3\/?post_type=product&#038;p=456"},"modified":"2026-04-14T11:05:22","modified_gmt":"2026-04-14T09:05:22","slug":"kodeks-wiedzmy","status":"publish","type":"product","link":"https:\/\/zwierciadlo-przeznaczenia.pl\/?product=kodeks-wiedzmy","title":{"rendered":"Kodeks Wied\u017amy"},"content":{"rendered":"<div id='av_section_1'  class='avia-section main_color avia-section-default avia-no-border-styling  av-section-color-overlay-active avia-bg-style-scroll  avia-builder-el-0  avia-builder-el-no-sibling   container_wrap sidebar_right' style='background-repeat: no-repeat; background-image: url(https:\/\/zwierciadlo-przeznaczenia.pl\/wp-content\/uploads\/2026\/04\/6550262-scaled.jpg);background-attachment: scroll; background-position: top left;  '  data-section-bg-repeat='no-repeat'><div class='av-section-color-overlay-wrap'><div class='av-section-color-overlay' style='opacity: 0.5; background-color: #212121; '><\/div><div class='container' ><main  role=\"main\" itemprop=\"mainContentOfPage\"  class='template-page content  av-content-small alpha units'><div class='post-entry post-entry-type-page post-entry-456'><div class='entry-content-wrapper clearfix'>\n<div  style='padding-bottom:10px; ' class='av-special-heading av-special-heading-h2  blockquote modern-quote modern-centered  avia-builder-el-1  el_before_av_hr  avia-builder-el-first  '><h2 class='av-special-heading-tag '  itemprop=\"headline\"  >Ebook Kodeks Wied\u017amy<\/h2><div class='special-heading-border'><div class='special-heading-inner-border' ><\/div><\/div><\/div>\n<div  style=' margin-top:30px; margin-bottom:30px;'  class='hr hr-custom hr-center hr-icon-yes   avia-builder-el-2  el_after_av_heading  el_before_av_one_half '><span class='hr-inner  inner-border-av-border-thin' style=' width:50px; max-width:45%;' ><span class='hr-inner-style'><\/span><\/span><span class='av-seperator-icon'  aria-hidden='true' data-av_icon='\ue808' data-av_iconfont='entypo-fontello'><\/span><span class='hr-inner  inner-border-av-border-thin' style=' width:50px; max-width:45%;' ><span class='hr-inner-style'><\/span><\/span><\/div>\n<div class=\"flex_column av_one_half  flex_column_div av-zero-column-padding first  avia-builder-el-3  el_after_av_hr  el_before_av_one_half  \" style='border-radius:0px; '><p><div  class='avia-image-container  av-styling-    avia-builder-el-4  el_before_av_product_price  avia-builder-el-first  avia-align-center '  itemprop=\"image\" itemscope=\"itemscope\" itemtype=\"https:\/\/schema.org\/ImageObject\"  ><div class='avia-image-container-inner'><div class='avia-image-overlay-wrap'><img fetchpriority=\"high\" class='avia_image' src='https:\/\/zwierciadlo-przeznaczenia.pl\/wp-content\/uploads\/2026\/04\/kodeks-wiedzmy.png' alt='' title='kodeks wied\u017amy' height=\"490\" width=\"328\"  itemprop=\"thumbnailUrl\"  \/><\/div><\/div><\/div><br \/>\n<div class='av-woo-price  avia-builder-el-5  el_after_av_image  avia-builder-el-last '><p class=\"price\"><span class=\"woocommerce-Price-amount amount\"><bdi>69.00<span class=\"woocommerce-Price-currencySymbol\">&#122;&#322;<\/span><\/bdi><\/span><\/p><\/div><\/p><\/div><div class=\"flex_column av_one_half  flex_column_div av-zero-column-padding   avia-builder-el-6  el_after_av_one_half  el_before_av_hr  \" style='border-radius:0px; '><p><section class=\"av_textblock_section \"  itemscope=\"itemscope\" itemtype=\"https:\/\/schema.org\/CreativeWork\" ><div class='avia_textblock  '   itemprop=\"text\" ><p>Kompletny przewodnik nauki tarota przez pryzmat metacognizji. 22 Wielkie Arkana, 4 \u017cywio\u0142y, spready, medytacje i rytua\u0142y. 200+ stron.<\/p>\n<\/div><\/section><br \/>\n<div class='av-woo-purchase-button  avia-builder-el-8  el_after_av_textblock  avia-builder-el-last '><p class=\"price\"><span class=\"woocommerce-Price-amount amount\"><bdi>69.00<span class=\"woocommerce-Price-currencySymbol\">&#122;&#322;<\/span><\/bdi><\/span><\/p>\n\t\n\t<form class=\"cart\" action=\"https:\/\/zwierciadlo-przeznaczenia.pl\/?product=kodeks-wiedzmy\" method=\"post\" enctype='multipart\/form-data'>\n\t\t\n\t\t<div class=\"quantity\">\n\t\t<label class=\"screen-reader-text\" for=\"quantity_69ea0283bbba3\">ilo\u015b\u0107 Kodeks Wied\u017amy<\/label>\n\t<input\n\t\ttype=\"number\"\n\t\t\t\tid=\"quantity_69ea0283bbba3\"\n\t\tclass=\"input-text qty text\"\n\t\tname=\"quantity\"\n\t\tvalue=\"1\"\n\t\taria-label=\"Ilo\u015b\u0107 produktu\"\n\t\t\t\tmin=\"1\"\n\t\t\t\t\t\t\tstep=\"1\"\n\t\t\tplaceholder=\"\"\n\t\t\tinputmode=\"numeric\"\n\t\t\tautocomplete=\"off\"\n\t\t\t\/>\n\t<\/div>\n\n\t\t<button type=\"submit\" name=\"add-to-cart\" value=\"456\" class=\"single_add_to_cart_button button alt\">Dodaj do koszyka<\/button>\n\n\t\t\t<\/form>\n\n\t\n<\/div><\/p><\/div><div  style=' margin-top:30px; margin-bottom:30px;'  class='hr hr-custom hr-center hr-icon-yes   avia-builder-el-9  el_after_av_one_half  el_before_av_product_upsells '><span class='hr-inner  inner-border-av-border-thin' style=' width:50px; max-width:45%;' ><span class='hr-inner-style'><\/span><\/span><span class='av-seperator-icon'  aria-hidden='true' data-av_icon='\ue808' data-av_iconfont='entypo-fontello'><\/span><span class='hr-inner  inner-border-av-border-thin' style=' width:50px; max-width:45%;' ><span class='hr-inner-style'><\/span><\/span><\/div>\n<div  class='av-woo-product-related-upsells  avia-builder-el-10  el_after_av_hr  avia-builder-el-last '><div class='product_column product_column_3'>\n\t<section class=\"related products\">\n\n\t\t\t\t\t<h2>Podobne produkty<\/h2>\n\t\t\t\t<ul class=\"products columns-3\">\n\n\t\t\t\n\t\t\t\t\t<li class=\"product type-product post-461 status-publish first instock product_cat-ebooki has-post-thumbnail downloadable virtual taxable purchasable product-type-simple\">\n\t<div class='inner_product main_color wrapped_style noLightbox  av-product-class-minimal-overlay'><a href=\"https:\/\/zwierciadlo-przeznaczenia.pl\/?product=cisza-pomiedzy\" class=\"woocommerce-LoopProduct-link woocommerce-loop-product__link\"><div class='thumbnail_container'><img decoding=\"async\" width=\"326\" height=\"450\" src=\"https:\/\/zwierciadlo-przeznaczenia.pl\/wp-content\/uploads\/2026\/04\/cisza-326x450.png\" class=\"attachment-shop_catalog size-shop_catalog wp-post-image\" alt=\"\" \/><span class='cart-loading'><\/span><\/div><div class='inner_product_header'><div class='avia-arrow'><\/div><div class='inner_product_header_table'><div class='inner_product_header_cell'><h2 class=\"woocommerce-loop-product__title\">Cisza pomi\u0119dzy<\/h2>\n\t<span class=\"price\"><span class=\"woocommerce-Price-amount amount\"><bdi>69.00<span class=\"woocommerce-Price-currencySymbol\">&#122;&#322;<\/span><\/bdi><\/span><\/span>\n<\/div><\/div><\/div><\/a><\/div><\/li>\n\n\t\t\t\n\t\t\t\t\t<li class=\"product type-product post-463 status-publish instock product_cat-ebooki has-post-thumbnail downloadable virtual taxable purchasable product-type-simple\">\n\t<div class='inner_product main_color wrapped_style noLightbox  av-product-class-minimal-overlay'><a href=\"https:\/\/zwierciadlo-przeznaczenia.pl\/?product=tarot-od-podstaw\" class=\"woocommerce-LoopProduct-link woocommerce-loop-product__link\"><div class='thumbnail_container'><img decoding=\"async\" width=\"328\" height=\"450\" src=\"https:\/\/zwierciadlo-przeznaczenia.pl\/wp-content\/uploads\/2026\/04\/tarot-328x450.png\" class=\"attachment-shop_catalog size-shop_catalog wp-post-image\" alt=\"\" \/><span class='cart-loading'><\/span><\/div><div class='inner_product_header'><div class='avia-arrow'><\/div><div class='inner_product_header_table'><div class='inner_product_header_cell'><h2 class=\"woocommerce-loop-product__title\">Tarot od Podstaw<\/h2>\n\t<span class=\"price\"><span class=\"woocommerce-Price-amount amount\"><bdi>119.00<span class=\"woocommerce-Price-currencySymbol\">&#122;&#322;<\/span><\/bdi><\/span><\/span>\n<\/div><\/div><\/div><\/a><\/div><\/li>\n\n\t\t\t\n\t\t\t\t\t<li class=\"product type-product post-459 status-publish last instock product_cat-ebooki has-post-thumbnail downloadable virtual taxable purchasable product-type-simple\">\n\t<div class='inner_product main_color wrapped_style noLightbox  av-product-class-minimal-overlay'><a href=\"https:\/\/zwierciadlo-przeznaczenia.pl\/?product=kodeks-wiedzmy-kopia\" class=\"woocommerce-LoopProduct-link woocommerce-loop-product__link\"><div class='thumbnail_container'><img loading=\"lazy\" decoding=\"async\" width=\"326\" height=\"450\" src=\"https:\/\/zwierciadlo-przeznaczenia.pl\/wp-content\/uploads\/2026\/04\/obserwator-326x450.png\" class=\"attachment-shop_catalog size-shop_catalog wp-post-image\" alt=\"\" \/><span class='cart-loading'><\/span><\/div><div class='inner_product_header'><div class='avia-arrow'><\/div><div class='inner_product_header_table'><div class='inner_product_header_cell'><h2 class=\"woocommerce-loop-product__title\">Obserwator Wewn\u0119trzny<\/h2>\n\t<span class=\"price\"><span class=\"woocommerce-Price-amount amount\"><bdi>79.00<span class=\"woocommerce-Price-currencySymbol\">&#122;&#322;<\/span><\/bdi><\/span><\/span>\n<\/div><\/div><\/div><\/a><\/div><\/li>\n\n\t\t\t\n\t\t<\/ul>\n\n\t<\/section>\n\t<\/div><\/div>\n<\/div><\/div><\/main><!-- close content main element --><\/div><\/div><\/div><div id='after_section_1'  class='main_color av_default_container_wrap container_wrap sidebar_right' style=' '  ><div class='container' ><div class='template-page content  av-content-small alpha units'><div class='post-entry post-entry-type-page post-entry-456'><div class='entry-content-wrapper clearfix'>\n","protected":false},"excerpt":{"rendered":"<p>Kompletny przewodnik nauki tarota przez pryzmat metacognizji. 22 Wielkie Arkana, 4 \u017cywio\u0142y, spready, medytacje i rytua\u0142y. 200+ stron.<\/p>\n","protected":false},"featured_media":457,"comment_status":"open","ping_status":"closed","template":"","meta":[],"product_brand":[],"product_cat":[37],"product_tag":[],"class_list":{"0":"post-456","1":"product","2":"type-product","3":"status-publish","4":"has-post-thumbnail","6":"product_cat-ebooki","8":"first","9":"instock","10":"downloadable","11":"virtual","12":"taxable","13":"purchasable","14":"product-type-simple"},"_links":{"self":[{"href":"https:\/\/zwierciadlo-przeznaczenia.pl\/index.php?rest_route=\/wp\/v2\/product\/456","targetHints":{"allow":["GET"]}}],"collection":[{"href":"https:\/\/zwierciadlo-przeznaczenia.pl\/index.php?rest_route=\/wp\/v2\/product"}],"about":[{"href":"https:\/\/zwierciadlo-przeznaczenia.pl\/index.php?rest_route=\/wp\/v2\/types\/product"}],"replies":[{"embeddable":true,"href":"https:\/\/zwierciadlo-przeznaczenia.pl\/index.php?rest_route=%2Fwp%2Fv2%2Fcomments&post=456"}],"wp:featuredmedia":[{"embeddable":true,"href":"https:\/\/zwierciadlo-przeznaczenia.pl\/index.php?rest_route=\/wp\/v2\/media\/457"}],"wp:attachment":[{"href":"https:\/\/zwierciadlo-przeznaczenia.pl\/index.php?rest_route=%2Fwp%2Fv2%2Fmedia&parent=456"}],"wp:term":[{"taxonomy":"product_brand","embeddable":true,"href":"https:\/\/zwierciadlo-przeznaczenia.pl\/index.php?rest_route=%2Fwp%2Fv2%2Fproduct_brand&post=456"},{"taxonomy":"product_cat","embeddable":true,"href":"https:\/\/zwierciadlo-przeznaczenia.pl\/index.php?rest_route=%2Fwp%2Fv2%2Fproduct_cat&post=456"},{"taxonomy":"product_tag","embeddable":true,"href":"https:\/\/zwierciadlo-przeznaczenia.pl\/index.php?rest_route=%2Fwp%2Fv2%2Fproduct_tag&post=456"}],"curies":[{"name":"wp","href":"https:\/\/api.w.org\/{rel}","templated":true}]}}